{"id":333724,"date":"2024-05-02T02:10:32","date_gmt":"2024-05-02T02:10:32","guid":{"rendered":"https:\/\/estadioespanol.cl\/sitio\/?page_id=333724"},"modified":"2026-02-19T19:14:06","modified_gmt":"2026-02-19T19:14:06","slug":"inicio","status":"publish","type":"page","link":"https:\/\/www.estadioespanol.cl\/sitio\/","title":{"rendered":"Inicio"},"content":{"rendered":"<p>[et_pb_section fb_built=&#8221;1&#8243; _builder_version=&#8221;4.27.4&#8243; _module_preset=&#8221;default&#8221; custom_padding=&#8221;0%||0%||true|false&#8221; global_colors_info=&#8221;{}&#8221;][et_pb_row _builder_version=&#8221;4.27.4&#8243; _module_preset=&#8221;default&#8221; custom_padding=&#8221;15px||||false|false&#8221; global_colors_info=&#8221;{}&#8221;][et_pb_column type=&#8221;4_4&#8243; _builder_version=&#8221;4.27.4&#8243; _module_preset=&#8221;default&#8221; global_colors_info=&#8221;{}&#8221;][et_pb_image src=&#8221;https:\/\/www.estadioespanol.cl\/sitio\/wp-content\/uploads\/2025\/10\/portada-scaled.jpg&#8221; title_text=&#8221;portada&#8221; align=&#8221;center&#8221; _builder_version=&#8221;4.27.4&#8243; _module_preset=&#8221;default&#8221; transform_scale=&#8221;108%|108%&#8221; positioning=&#8221;relative&#8221; min_height=&#8221;100px&#8221; custom_padding=&#8221;0px||||false|false&#8221; hover_transition_duration=&#8221;0ms&#8221; hover_transition_speed_curve=&#8221;ease-in-out&#8221; border_style_all=&#8221;dashed&#8221; box_shadow_style=&#8221;preset5&#8243; box_shadow_vertical=&#8221;2px&#8221; global_colors_info=&#8221;{}&#8221;][\/et_pb_image][\/et_pb_column][\/et_pb_row][et_pb_row _builder_version=&#8221;4.27.4&#8243; _module_preset=&#8221;default&#8221; custom_padding=&#8221;39px||||false|false&#8221; global_colors_info=&#8221;{}&#8221;][et_pb_column type=&#8221;4_4&#8243; _builder_version=&#8221;4.27.4&#8243; _module_preset=&#8221;default&#8221; global_colors_info=&#8221;{}&#8221;][et_pb_image src=&#8221;https:\/\/www.estadioespanol.cl\/sitio\/wp-content\/uploads\/2025\/09\/conoce-scaled.png&#8221; title_text=&#8221;conoce&#8221; align=&#8221;center&#8221; _builder_version=&#8221;4.27.4&#8243; _module_preset=&#8221;default&#8221; transform_scale=&#8221;111%|111%&#8221; positioning=&#8221;relative&#8221; custom_margin=&#8221;-16px|||||&#8221; custom_padding=&#8221;0px|||||&#8221; hover_transition_speed_curve=&#8221;ease-in-out&#8221; box_shadow_style=&#8221;preset1&#8243; global_colors_info=&#8221;{}&#8221;][\/et_pb_image][et_pb_image src=&#8221;https:\/\/www.estadioespanol.cl\/sitio\/wp-content\/uploads\/2026\/02\/banner-scaled.png&#8221; title_text=&#8221;banner&#8221; align=&#8221;center&#8221; force_fullwidth=&#8221;on&#8221; _builder_version=&#8221;4.27.5&#8243; _module_preset=&#8221;default&#8221; transform_scale=&#8221;111%|111%&#8221; custom_margin=&#8221;-73px||24px|||&#8221; custom_padding=&#8221;54px||41px|||&#8221; animation_style=&#8221;fade&#8221; hover_enabled=&#8221;0&#8243; box_shadow_style=&#8221;preset2&#8243; box_shadow_horizontal=&#8221;0px&#8221; global_colors_info=&#8221;{}&#8221; sticky_enabled=&#8221;0&#8243;][\/et_pb_image][et_pb_image src=&#8221;https:\/\/www.estadioespanol.cl\/sitio\/wp-content\/uploads\/2026\/02\/Copia-de-1183-x-380-px.png&#8221; title_text=&#8221;Copia de (1183 x 380 px)&#8221; align=&#8221;center&#8221; force_fullwidth=&#8221;on&#8221; _builder_version=&#8221;4.27.5&#8243; _module_preset=&#8221;default&#8221; transform_scale=&#8221;111%|111%&#8221; custom_margin=&#8221;-73px||90px|||&#8221; custom_padding=&#8221;63px|||||&#8221; animation_style=&#8221;fade&#8221; hover_enabled=&#8221;0&#8243; box_shadow_style=&#8221;preset2&#8243; box_shadow_horizontal=&#8221;0px&#8221; global_colors_info=&#8221;{}&#8221; sticky_enabled=&#8221;0&#8243; url=&#8221;https:\/\/www.passline.com\/eventos\/la-elvira-vuelve&#8221;][\/et_pb_image][\/et_pb_column][\/et_pb_row][\/et_pb_section]<\/p>\n","protected":false},"excerpt":{"rendered":"<p>Sum\u00e9rgete en lo mejor de la gastronom\u00eda junto al mar en Estadio Espa\u00f1ol. Descubre sabores frescos y aut\u00e9nticos que te transportar\u00e1n a un viaje culinario \u00fanico. \u00a1Reserva hoy tu mesa y d\u00e9jate sorprender!<\/p>\n","protected":false},"author":1,"featured_media":0,"parent":0,"menu_order":0,"comment_status":"closed","ping_status":"closed","template":"","meta":{"_et_pb_use_builder":"on","_et_pb_old_content":"","_et_gb_content_width":"","footnotes":""},"class_list":["post-333724","page","type-page","status-publish","hentry"],"_links":{"self":[{"href":"https:\/\/www.estadioespanol.cl\/sitio\/index.php?rest_route=\/wp\/v2\/pages\/333724","targetHints":{"allow":["GET"]}}],"collection":[{"href":"https:\/\/www.estadioespanol.cl\/sitio\/index.php?rest_route=\/wp\/v2\/pages"}],"about":[{"href":"https:\/\/www.estadioespanol.cl\/sitio\/index.php?rest_route=\/wp\/v2\/types\/page"}],"author":[{"embeddable":true,"href":"https:\/\/www.estadioespanol.cl\/sitio\/index.php?rest_route=\/wp\/v2\/users\/1"}],"replies":[{"embeddable":true,"href":"https:\/\/www.estadioespanol.cl\/sitio\/index.php?rest_route=%2Fwp%2Fv2%2Fcomments&post=333724"}],"version-history":[{"count":368,"href":"https:\/\/www.estadioespanol.cl\/sitio\/index.php?rest_route=\/wp\/v2\/pages\/333724\/revisions"}],"predecessor-version":[{"id":335418,"href":"https:\/\/www.estadioespanol.cl\/sitio\/index.php?rest_route=\/wp\/v2\/pages\/333724\/revisions\/335418"}],"wp:attachment":[{"href":"https:\/\/www.estadioespanol.cl\/sitio\/index.php?rest_route=%2Fwp%2Fv2%2Fmedia&parent=333724"}],"curies":[{"name":"wp","href":"https:\/\/api.w.org\/{rel}","templated":true}]}}